{"id":5156,"date":"2024-09-07T11:48:21","date_gmt":"2024-09-07T08:48:21","guid":{"rendered":"https:\/\/shopnillu.com\/?post_type=product&#038;p=5156"},"modified":"2025-12-30T01:19:16","modified_gmt":"2025-12-29T23:19:16","slug":"areej-correct-veido-aliejus","status":"publish","type":"product","link":"https:\/\/shopnillu.com\/lt\/produktas\/areej-correct-veido-aliejus\/","title":{"rendered":"Areej Correct veido aliejus"},"content":{"rendered":"<p>\u0160is 100% nat\u016bralus aliejus nuo spuog\u0173 \u0161velniai atkem\u0161a poras, kad padaryt\u0173 od\u0105 skaidri\u0105 ir \u0161vari\u0105 jos nesausindamas. Unikalus eterini\u0173 aliej\u0173 mi\u0161inys kovoja su spuogais ir d\u0117mes sukelian\u010diomis bakterijomis, kad b\u016bt\u0173 galima kontroliuoti protr\u016bkius.<\/p>\n<p><strong>Ingredientai<\/strong>: Simmondsia Chinensis (Jojoba) Seed Oil, Pelargonium Graveolens (Geranium) Essential Oil, Lavandula Angustifolia Oil (Lavender Essential Oil), Mentha Piperita (Peppermint) Oil, Cymbopogon Citratus (Lemongrass) Leaf Oil, Tocopherol (Vitamin E)<\/p>\n","protected":false},"excerpt":{"rendered":"<p>Spuog\u0173 naikinimo priemon\u0117 su levand\u0173, pelargonij\u0173, citrin\u017eoli\u0173 ir pipirm\u0117\u010di\u0173 eteriniais aliejais bei jojoba aliejumi.<\/p>\n","protected":false},"featured_media":5158,"comment_status":"open","ping_status":"closed","template":"","meta":{"_monsterinsights_skip_tracking":false,"_monsterinsights_sitenote_active":false,"_monsterinsights_sitenote_note":"","_monsterinsights_sitenote_category":0,"_uf_show_specific_survey":0,"_uf_disable_surveys":false},"product_cat":[516,184],"product_tag":[500,472,452,466,369,412],"class_list":{"0":"post-5156","1":"product","2":"type-product","3":"status-publish","4":"has-post-thumbnail","6":"product_cat-serumai-ir-aliejai","7":"product_cat-veido-prieziura","8":"product_tag-cymbopogon-citratus-lemongrass-leaf-oil-lt","9":"product_tag-lavandula-angustifolia-oil-lavender-essential-oil-lt","10":"product_tag-mentha-piperita-peppermint-oil-lt","11":"product_tag-pelargonium-graveolens-geranium-essential-oil-lt","12":"product_tag-simmondsia-chinensis-jojoba-seed-oil","13":"product_tag-tocopherol-vitamin-e-lt","14":"pa_brands-areej-aromatherapy-lt","16":"first","17":"instock","18":"shipping-taxable","19":"purchasable","20":"product-type-simple"},"aioseo_notices":[],"jetpack_sharing_enabled":true,"_links":{"self":[{"href":"https:\/\/shopnillu.com\/lt\/wp-json\/wp\/v2\/product\/5156","targetHints":{"allow":["GET"]}}],"collection":[{"href":"https:\/\/shopnillu.com\/lt\/wp-json\/wp\/v2\/product"}],"about":[{"href":"https:\/\/shopnillu.com\/lt\/wp-json\/wp\/v2\/types\/product"}],"replies":[{"embeddable":true,"href":"https:\/\/shopnillu.com\/lt\/wp-json\/wp\/v2\/comments?post=5156"}],"version-history":[{"count":4,"href":"https:\/\/shopnillu.com\/lt\/wp-json\/wp\/v2\/product\/5156\/revisions"}],"predecessor-version":[{"id":5271,"href":"https:\/\/shopnillu.com\/lt\/wp-json\/wp\/v2\/product\/5156\/revisions\/5271"}],"wp:featuredmedia":[{"embeddable":true,"href":"https:\/\/shopnillu.com\/lt\/wp-json\/wp\/v2\/media\/5158"}],"wp:attachment":[{"href":"https:\/\/shopnillu.com\/lt\/wp-json\/wp\/v2\/media?parent=5156"}],"wp:term":[{"taxonomy":"product_cat","embeddable":true,"href":"https:\/\/shopnillu.com\/lt\/wp-json\/wp\/v2\/product_cat?post=5156"},{"taxonomy":"product_tag","embeddable":true,"href":"https:\/\/shopnillu.com\/lt\/wp-json\/wp\/v2\/product_tag?post=5156"}],"curies":[{"name":"wp","href":"https:\/\/api.w.org\/{rel}","templated":true}]}}