{"id":5167,"date":"2024-09-07T11:57:38","date_gmt":"2024-09-07T08:57:38","guid":{"rendered":"https:\/\/shopnillu.com\/?post_type=product&#038;p=5167"},"modified":"2025-12-30T01:19:16","modified_gmt":"2025-12-29T23:19:16","slug":"areej-maitinamoji-plauku-kauke","status":"publish","type":"product","link":"https:\/\/shopnillu.com\/lt\/produktas\/areej-maitinamoji-plauku-kauke\/","title":{"rendered":"Areej maitinamoji plauk\u0173 kauk\u0117"},"content":{"rendered":"<p>Aromaterapinis mi\u0161inys su rozmarin\u0173, levand\u0173, pipirm\u0117\u010di\u0173 eteriniais aliejais, juod\u0173j\u0173 s\u0117kl\u0173 aliejumi, simondsij\u0173 aliejumi ir taukmed\u017eio sviestu.<br \/>\nMi\u0161inys, kuris stiprina ir apsaugo nuo plauk\u0173 slinkimo su maksimaliu maitinamuoju poveikiu.<\/p>\n<p><strong>Ingredientai<\/strong>: Aqua, Glyceryl Stearate, PEG- 100 Stearate, Cetearyl Alcohol, Simmondsia Chinensis (Jojoba) Seed Oil, D-Panthenol, Behentrimonium Chloride, Cetrimonium Chloride, Cymbopogon Citratus (Lemongrass) Oil, Butyrospermum Parkii (Shea) Butter, Glycerin, Nigella Sativa (Black Cumin) Seed Oil, Polyquaternium 10, Lavandula Angustifolia Oil (Lavender Essential Oil), Mentha Piperita (Peppermint) Oil, Rosmarinus Officinalis (Rosemary) Leaf Oil, Phenoxy Ethanol<\/p>\n","protected":false},"excerpt":{"rendered":"<p>Aromaterapinis mi\u0161inys su rozmarin\u0173, levand\u0173, pipirm\u0117\u010di\u0173 eteriniais aliejais, juod\u0173j\u0173 s\u0117kl\u0173 aliejumi, simondsij\u0173 aliejumi ir taukmed\u017eio sviestu.<\/p>\n","protected":false},"featured_media":5170,"comment_status":"open","ping_status":"closed","template":"","meta":{"_monsterinsights_skip_tracking":false,"_monsterinsights_sitenote_active":false,"_monsterinsights_sitenote_note":"","_monsterinsights_sitenote_category":0,"_uf_show_specific_survey":0,"_uf_disable_surveys":false},"product_cat":[530,185],"product_tag":[189,537,410,323,538,539,536,325,414,472,452,524,413,447,540,469,369],"class_list":{"0":"post-5167","1":"product","2":"type-product","3":"status-publish","4":"has-post-thumbnail","6":"product_cat-plauku-kaukes","7":"product_cat-plauku-prieziura","8":"product_tag-aqua-lt","9":"product_tag-behentrimonium-chloride-lt","10":"product_tag-butyrospermum-parkii-shea-butter-lt","11":"product_tag-cetearyl-alcohol-lt","12":"product_tag-cetrimonium-chloride-lt","13":"product_tag-cymbopogon-citratus-lemongrass-oil-lt","14":"product_tag-d-panthenol-lt","15":"product_tag-glycerin-lt","16":"product_tag-glyceryl-stearate-lt","17":"product_tag-lavandula-angustifolia-oil-lavender-essential-oil-lt","18":"product_tag-mentha-piperita-peppermint-oil-lt","19":"product_tag-nigella-sativa-black-cumin-seed-oil-lt","20":"product_tag-peg-100-stearate-lt","21":"product_tag-phenoxy-ethanol-lt","22":"product_tag-polyquaternium-10-lt","23":"product_tag-rosmarinus-officinalis-rosemary-leaf-oil-lt","24":"product_tag-simmondsia-chinensis-jojoba-seed-oil","25":"pa_brands-areej-aromatherapy-lt","27":"first","28":"instock","29":"shipping-taxable","30":"purchasable","31":"product-type-simple"},"aioseo_notices":[],"jetpack_sharing_enabled":true,"_links":{"self":[{"href":"https:\/\/shopnillu.com\/lt\/wp-json\/wp\/v2\/product\/5167","targetHints":{"allow":["GET"]}}],"collection":[{"href":"https:\/\/shopnillu.com\/lt\/wp-json\/wp\/v2\/product"}],"about":[{"href":"https:\/\/shopnillu.com\/lt\/wp-json\/wp\/v2\/types\/product"}],"replies":[{"embeddable":true,"href":"https:\/\/shopnillu.com\/lt\/wp-json\/wp\/v2\/comments?post=5167"}],"version-history":[{"count":2,"href":"https:\/\/shopnillu.com\/lt\/wp-json\/wp\/v2\/product\/5167\/revisions"}],"predecessor-version":[{"id":5176,"href":"https:\/\/shopnillu.com\/lt\/wp-json\/wp\/v2\/product\/5167\/revisions\/5176"}],"wp:featuredmedia":[{"embeddable":true,"href":"https:\/\/shopnillu.com\/lt\/wp-json\/wp\/v2\/media\/5170"}],"wp:attachment":[{"href":"https:\/\/shopnillu.com\/lt\/wp-json\/wp\/v2\/media?parent=5167"}],"wp:term":[{"taxonomy":"product_cat","embeddable":true,"href":"https:\/\/shopnillu.com\/lt\/wp-json\/wp\/v2\/product_cat?post=5167"},{"taxonomy":"product_tag","embeddable":true,"href":"https:\/\/shopnillu.com\/lt\/wp-json\/wp\/v2\/product_tag?post=5167"}],"curies":[{"name":"wp","href":"https:\/\/api.w.org\/{rel}","templated":true}]}}