{"id":5178,"date":"2024-09-07T12:05:41","date_gmt":"2024-09-07T09:05:41","guid":{"rendered":"https:\/\/shopnillu.com\/?post_type=product&#038;p=5178"},"modified":"2025-12-30T01:19:15","modified_gmt":"2025-12-29T23:19:15","slug":"areej-aliejus-barzdai","status":"publish","type":"product","link":"https:\/\/shopnillu.com\/lt\/produktas\/areej-aliejus-barzdai\/","title":{"rendered":"Areej aliejus barzdai"},"content":{"rendered":"<p>Dr\u0117kinamasis barzdos aliejus su 100% nat\u016braliais pipirm\u0117\u010di\u0173, rozmarin\u0173 ir levand\u0173 eteriniais aliejais. Maitina plaukus, kartu skatindamas sveik\u0105 i\u0161vaizd\u0105. Skatina plauk\u0173 augim\u0105, turi antibakterini\u0173 ir gydom\u0173j\u0173 savybi\u0173.<\/p>\n<p><strong>Ingredientai<\/strong>: Simmondsia Chinensis (Jojoba) Seed Oil, Eucalyptus Globulus Leaf Oil, Lavandula Angustifolia Oil (Lavender Essential Oil), Mentha Piperita (Peppermint) Oil, Rosmarinus Officinalis (Rosemary) Leaf Oil, Tocopherol (Vitamin E)<\/p>\n","protected":false},"excerpt":{"rendered":"<p>Dr\u0117kinamasis barzdos aliejus su 100% nat\u016braliais pipirm\u0117\u010di\u0173, rozmarin\u0173 ir levand\u0173 eteriniais aliejais.<\/p>\n","protected":false},"featured_media":5219,"comment_status":"open","ping_status":"closed","template":"","meta":{"_monsterinsights_skip_tracking":false,"_monsterinsights_sitenote_active":false,"_monsterinsights_sitenote_note":"","_monsterinsights_sitenote_category":0,"_uf_show_specific_survey":0,"_uf_disable_surveys":false},"product_cat":[542,184],"product_tag":[543,472,452,469,369,412],"class_list":{"0":"post-5178","1":"product","2":"type-product","3":"status-publish","4":"has-post-thumbnail","6":"product_cat-barzdos-ir-usu-prieziura","7":"product_cat-veido-prieziura","8":"product_tag-eucalyptus-globulus-leaf-oil-lt","9":"product_tag-lavandula-angustifolia-oil-lavender-essential-oil-lt","10":"product_tag-mentha-piperita-peppermint-oil-lt","11":"product_tag-rosmarinus-officinalis-rosemary-leaf-oil-lt","12":"product_tag-simmondsia-chinensis-jojoba-seed-oil","13":"product_tag-tocopherol-vitamin-e-lt","14":"pa_brands-areej-aromatherapy-lt","16":"first","17":"instock","18":"shipping-taxable","19":"purchasable","20":"product-type-simple"},"aioseo_notices":[],"jetpack_sharing_enabled":true,"_links":{"self":[{"href":"https:\/\/shopnillu.com\/lt\/wp-json\/wp\/v2\/product\/5178","targetHints":{"allow":["GET"]}}],"collection":[{"href":"https:\/\/shopnillu.com\/lt\/wp-json\/wp\/v2\/product"}],"about":[{"href":"https:\/\/shopnillu.com\/lt\/wp-json\/wp\/v2\/types\/product"}],"replies":[{"embeddable":true,"href":"https:\/\/shopnillu.com\/lt\/wp-json\/wp\/v2\/comments?post=5178"}],"version-history":[{"count":5,"href":"https:\/\/shopnillu.com\/lt\/wp-json\/wp\/v2\/product\/5178\/revisions"}],"predecessor-version":[{"id":5216,"href":"https:\/\/shopnillu.com\/lt\/wp-json\/wp\/v2\/product\/5178\/revisions\/5216"}],"wp:featuredmedia":[{"embeddable":true,"href":"https:\/\/shopnillu.com\/lt\/wp-json\/wp\/v2\/media\/5219"}],"wp:attachment":[{"href":"https:\/\/shopnillu.com\/lt\/wp-json\/wp\/v2\/media?parent=5178"}],"wp:term":[{"taxonomy":"product_cat","embeddable":true,"href":"https:\/\/shopnillu.com\/lt\/wp-json\/wp\/v2\/product_cat?post=5178"},{"taxonomy":"product_tag","embeddable":true,"href":"https:\/\/shopnillu.com\/lt\/wp-json\/wp\/v2\/product_tag?post=5178"}],"curies":[{"name":"wp","href":"https:\/\/api.w.org\/{rel}","templated":true}]}}